{"id":549,"date":"2020-12-07T09:39:36","date_gmt":"2020-12-07T06:39:36","guid":{"rendered":"https:\/\/demo.kanthemes.com.tr\/kanews\/?page_id=549"},"modified":"2020-12-07T09:39:36","modified_gmt":"2020-12-07T06:39:36","slug":"kunye","status":"publish","type":"page","link":"https:\/\/loncamedya.com\/index.php\/kunye\/","title":{"rendered":"K\u00fcnye"},"content":{"rendered":"\n<div class=\"wp-block-columns is-layout-flex wp-container-core-columns-is-layout-9d6595d7 wp-block-columns-is-layout-flex\">\n<div class=\"wp-block-column is-layout-flow wp-block-column-is-layout-flow\">\n<div class=\"kanews-section-flat\"><div class=\"kanews-section-heading \"><h2 class=\"kanews-section-headline\"><span> Kanews Wordpress Haber Temas\u0131 <\/span><\/h2><\/div><\/div>\n<p><strong>Adres :<\/strong> Kad\u0131k\u00f6y \/ \u0130stanbul<br \/><strong>Telefon :<\/strong> +90 312 4458128<br \/><strong>Faks :<\/strong> +90 312 4458128<br \/><strong>Email :<\/strong> bilgi@kanthemes.com<\/p>\n<div class=\"kanews-section-flat\"><div class=\"kanews-section-heading \"><h2 class=\"kanews-section-headline\"><span> Sahibi <\/span><\/h2><\/div><\/div>\n<p>Kan Themes<\/p>\n<div class=\"kanews-section-flat\"><div class=\"kanews-section-heading \"><h3 class=\"kanews-section-headline\"><span> Genel Yay\u0131n Y\u00f6netmeni <\/span><\/h3><\/div><\/div>\n<p>Ozen\u00a0\u00a0Yazar &#8211; <em>ozen@mail.com<\/em><\/p>\n<div class=\"kanews-section-flat\"><div class=\"kanews-section-heading \"><h3 class=\"kanews-section-headline\"><span> Haber M\u00fcd\u00fcr\u00fc <\/span><\/h3><\/div><\/div>\n<p>Ergenekon\u00a0\u00a0Onut &#8211; <em>ergenekononut@mail.com<\/em><\/p>\n<div class=\"kanews-section-flat\"><div class=\"kanews-section-heading \"><h3 class=\"kanews-section-headline\"><span> Haber M\u00fcd\u00fcr Yard\u0131mc\u0131s\u0131 <\/span><\/h3><\/div><\/div>\n<p>Gundogan\u00a0\u00a0Ka\u015f &#8211; <em>gundogan@mail.com<\/em><\/p>\n<div class=\"kanews-section-flat\"><div class=\"kanews-section-heading \"><h3 class=\"kanews-section-headline\"><span>Spor M\u00fcd\u00fcr\u00fc<\/span><\/h3><\/div><\/div>\n<p>T\u00fcmko\u00e7\u00a0\u00a0\u00dcner &#8211; <em>tumkocuner@mail.com<\/em><\/p>\n<div class=\"kanews-section-flat\"><div class=\"kanews-section-heading \"><h3 class=\"kanews-section-headline\"><span>Reklam \u0130\u015fleri<\/span><\/h3><\/div><\/div>\n<p>+90 312 4458128 &#8211; Ahmet Cemal &#8211; <em>ahmetcemal@mail.com<\/em><\/p>\n<\/div>\n\n\n\n<div class=\"wp-block-column is-layout-flow wp-block-column-is-layout-flow\" style=\"flex-basis:50%\">\n<iframe loading=\"lazy\" src=\"data:image\/png;base64,iVBORw0KGgoAAAANSUhEUgAAAAIAAAABCAQAAABeK7cBAAAAC0lEQVR42mNkAAIAAAoAAv\/lxKUAAAAASUVORK5CYII=\" data-src=\"https:\/\/www.google.com\/maps\/embed?pb=!1m18!1m12!1m3!1d195884.2078982386!2d32.62268193626752!3d39.90355566407463!2m3!1f0!2f0!3f0!3m2!1i1024!2i768!4f13.1!3m3!1m2!1s0x14d347d520732db1%3A0xbdc57b0c0842b8d!2sAnkara!5e0!3m2!1str!2str!4v1610115585914!5m2!1str!2str\" width=\"600\" height=\"750\" frameborder=\"0\" style=\"border:0;\" allowfullscreen=\"\" aria-hidden=\"false\" class=\"kanews-lazy\" tabindex=\"0\"><\/iframe>\n<\/div>\n<\/div>\n\n\n<div role=\"alert\" class=\"kanews-response bg-light\">Bu sayfa demo olarak haz\u0131rlanm\u0131\u015ft\u0131r ger\u00e7eklik pay\u0131 yoktur.<\/div>","protected":false},"excerpt":{"rendered":"<p>Adres : Kad\u0131k\u00f6y \/ \u0130stanbulTelefon : +90 312 4458128Faks : +90 312 4458128Email : bilgi@kanthemes.com Kan&#46;&#46;&#46;<\/p>\n","protected":false},"author":1,"featured_media":0,"parent":0,"menu_order":0,"comment_status":"closed","ping_status":"closed","template":"page-no-sidebar.php","meta":{"footnotes":""},"class_list":["post-549","page","type-page","status-publish","hentry"],"_links":{"self":[{"href":"https:\/\/loncamedya.com\/index.php\/wp-json\/wp\/v2\/pages\/549","targetHints":{"allow":["GET"]}}],"collection":[{"href":"https:\/\/loncamedya.com\/index.php\/wp-json\/wp\/v2\/pages"}],"about":[{"href":"https:\/\/loncamedya.com\/index.php\/wp-json\/wp\/v2\/types\/page"}],"author":[{"embeddable":true,"href":"https:\/\/loncamedya.com\/index.php\/wp-json\/wp\/v2\/users\/1"}],"replies":[{"embeddable":true,"href":"https:\/\/loncamedya.com\/index.php\/wp-json\/wp\/v2\/comments?post=549"}],"version-history":[{"count":0,"href":"https:\/\/loncamedya.com\/index.php\/wp-json\/wp\/v2\/pages\/549\/revisions"}],"wp:attachment":[{"href":"https:\/\/loncamedya.com\/index.php\/wp-json\/wp\/v2\/media?parent=549"}],"curies":[{"name":"wp","href":"https:\/\/api.w.org\/{rel}","templated":true}]}}