{"id":221,"date":"2020-12-04T16:02:53","date_gmt":"2020-12-04T13:02:53","guid":{"rendered":"https:\/\/demo.kanthemes.com.tr\/kanews\/?page_id=221"},"modified":"2025-03-16T13:38:44","modified_gmt":"2025-03-16T10:38:44","slug":"doviz-kurlari","status":"publish","type":"page","link":"https:\/\/loncamedya.com\/index.php\/doviz-kurlari\/","title":{"rendered":"D\u00f6viz Kurlar\u0131"},"content":{"rendered":"<div class=\"accordion\" id=\"custom-collapse-0\" role=\"tablist\" aria-multiselectable=\"true\"><br \/><div class=\"collapse-item\">\n    <div class=\"collapse-item-header\">\n      <button class=\"collapse-btn \" data-toggle=\"collapse\" data-parent=\"#custom-collapse-0\" href=\"#custom-collapse-0-0\">\n        <h3>\n          Lonca Medya G\u00fc\u00e7l\u00fc \u0130\u00e7erik, Etkili Yay\u0131nc\u0131l\u0131k\n        <\/h3>\n      <\/button>\n      <\/div>\n      <div id=\"custom-collapse-0-0\" class=\"collapse in\">\n        <div class=\"collapse-item-body\"><\/p>\n<p>Medya sekt\u00f6r\u00fcnde g\u00fc\u00e7l\u00fc bir marka olarak \u00f6ne \u00e7\u0131kan\u00a0<strong data-start=\"102\" data-end=\"117\">Lonca Medya<\/strong>, geni\u015f kapsaml\u0131 yay\u0131nc\u0131l\u0131\u011f\u0131, kaliteli i\u00e7erikleri ve etkili medya \u00e7al\u0131\u015fmalar\u0131 ile dikkat \u00e7ekmektedir. Bas\u0131l\u0131 ve dijital medya alanlar\u0131nda faaliyet g\u00f6steren Lonca Medya, \u00f6zellikle\u00a0<strong data-start=\"296\" data-end=\"369\">belediyeler, yerel y\u00f6netimler, i\u015f d\u00fcnyas\u0131 ve sivil toplum kurulu\u015flar\u0131<\/strong>\u00a0gibi \u00e7e\u015fitli sekt\u00f6rlerle yak\u0131n i\u015f birli\u011fi i\u00e7inde \u00e7al\u0131\u015fmaktad\u0131r.<\/p>\n<p><\/div>\n      <\/div>\n    <\/div><br \/><div class=\"collapse-item\">\n    <div class=\"collapse-item-header\">\n      <button class=\"collapse-btn collapsed\" data-toggle=\"collapse\" data-parent=\"#custom-collapse-0\" href=\"#custom-collapse-0-1\">\n        <h3>\n          Dijital ve Bas\u0131l\u0131 Yay\u0131nc\u0131l\u0131kta \u00d6nc\u00fc\n        <\/h3>\n      <\/button>\n      <\/div>\n      <div id=\"custom-collapse-0-1\" class=\"collapse\">\n        <div class=\"collapse-item-body\"><\/p>\n<p data-start=\"483\" data-end=\"856\">Lonca Medya, <strong data-start=\"496\" data-end=\"513\">Lonca Dergisi<\/strong> ile i\u015f d\u00fcnyas\u0131n\u0131n \u00f6nemli isimlerini ve sekt\u00f6rel geli\u015fmeleri okuyucular\u0131yla bulu\u015ftururken, <strong data-start=\"604\" data-end=\"626\">belediyeler.com.tr<\/strong> ve <strong data-start=\"630\" data-end=\"648\">gayrimenkul.tv, tekstil.tv, kuafor.tv, arsa.tv, kriptoparatv.com, beylikduzu.com.tr<\/strong>\u00a0gibi projeleriyle dijital medyada da g\u00fc\u00e7l\u00fc bir konuma sahiptir. Yerel y\u00f6netimlerden gayrimenkul sekt\u00f6r\u00fcne, STK&#8217;lardan k\u00fclt\u00fcr-sanata kadar geni\u015f bir yelpazede haber, r\u00f6portaj ve \u00f6zel i\u00e7erikler \u00fcretmektedir.<\/p>\n<h3 data-start=\"858\" data-end=\"916\"><strong data-start=\"862\" data-end=\"914\">Profesyonel \u0130\u00e7erik \u00dcretimi ve Tan\u0131t\u0131m Hizmetleri<\/strong><\/h3>\n<p data-start=\"917\" data-end=\"1056\">Lonca Medya, <strong data-start=\"930\" data-end=\"973\">markalar, \u015firketler ve kamu kurulu\u015flar\u0131<\/strong> i\u00e7in etkili tan\u0131t\u0131m ve medya hizmetleri sunmaktad\u0131r. Alan\u0131nda uzman ekipleriyle;<\/p>\n<ul data-start=\"1058\" data-end=\"1298\">\n<li data-start=\"1058\" data-end=\"1107\"><strong data-start=\"1060\" data-end=\"1104\">Kurumsal tan\u0131t\u0131m yaz\u0131lar\u0131 ve r\u00f6portajlar<\/strong>,<\/li>\n<li data-start=\"1108\" data-end=\"1156\"><strong data-start=\"1110\" data-end=\"1153\">Video prod\u00fcksiyon ve belgesel \u00e7ekimleri<\/strong>,<\/li>\n<li data-start=\"1157\" data-end=\"1205\"><strong data-start=\"1159\" data-end=\"1202\">Dijital reklam ve sosyal medya y\u00f6netimi<\/strong>,<\/li>\n<li data-start=\"1206\" data-end=\"1298\"><strong data-start=\"1208\" data-end=\"1246\">Bas\u0131n b\u00fcltenleri ve PR \u00e7al\u0131\u015fmalar\u0131<\/strong> gibi geni\u015f kapsaml\u0131 medya hizmetleri sunmaktad\u0131r.<\/li>\n<\/ul>\n<p><\/div>\n      <\/div>\n    <\/div><br \/><div class=\"collapse-item\">\n    <div class=\"collapse-item-header\">\n      <button class=\"collapse-btn collapsed\" data-toggle=\"collapse\" data-parent=\"#custom-collapse-0\" href=\"#custom-collapse-0-2\">\n        <h3>\n          B\u00f6lgesel ve Ulusal D\u00fczeyde G\u00fc\u00e7l\u00fc Etki\n        <\/h3>\n      <\/button>\n      <\/div>\n      <div id=\"custom-collapse-0-2\" class=\"collapse\">\n        <div class=\"collapse-item-body\"><\/p>\n<p data-start=\"1348\" data-end=\"1609\">Lonca Medya, \u00f6zellikle <strong data-start=\"1371\" data-end=\"1430\">Beylikd\u00fcz\u00fc ve \u00e7evresinde g\u00fc\u00e7l\u00fc bir medya a\u011f\u0131na sahiptir<\/strong>. B\u00f6lgesel haberlerde \u00f6nc\u00fc olurken, ulusal \u00e7apta da ses getiren projelere imza atmaktad\u0131r. \u00c7e\u015fitli organizasyonlar ve festivallerde aktif rol alarak medya deste\u011fi sa\u011flamaktad\u0131r.<\/p>\n<p data-start=\"1611\" data-end=\"1767\" data-is-last-node=\"\" data-is-only-node=\"\"><strong data-start=\"1611\" data-end=\"1626\">Lonca Medya<\/strong>, kaliteli i\u00e7erik \u00fcretimi, geni\u015f eri\u015fim a\u011f\u0131 ve sekt\u00f6rel deneyimiyle medya d\u00fcnyas\u0131nda \u00f6nemli bir yer edinmi\u015f, g\u00fcvenilir bir medya kurulu\u015fudur.<\/p>\n<p><\/div>\n      <\/div>\n    <\/div><br \/><\/div>\n\n\n<blockquote class=\"wp-block-quote is-layout-flow wp-block-quote-is-layout-flow\">\n<p>&#8220;Yat\u0131r\u0131m yapmay\u0131 asla b\u0131rakma. Geli\u015fmeyi asla b\u0131rakma. Yeni bir \u015feyler yapmay\u0131 asla b\u0131rakma.&#8221;<\/p>\n<cite>Herbokolog<\/cite><\/blockquote>\n","protected":false},"excerpt":{"rendered":"<p>&#8220;Yat\u0131r\u0131m yapmay\u0131 asla b\u0131rakma. Geli\u015fmeyi asla b\u0131rakma. Yeni bir \u015feyler yapmay\u0131 asla b\u0131rakma.&#8221; Herbokolog<\/p>\n","protected":false},"author":1,"featured_media":0,"parent":0,"menu_order":0,"comment_status":"open","ping_status":"closed","template":"inc\/currencies.php","meta":{"footnotes":""},"class_list":["post-221","page","type-page","status-publish","hentry"],"_links":{"self":[{"href":"https:\/\/loncamedya.com\/index.php\/wp-json\/wp\/v2\/pages\/221","targetHints":{"allow":["GET"]}}],"collection":[{"href":"https:\/\/loncamedya.com\/index.php\/wp-json\/wp\/v2\/pages"}],"about":[{"href":"https:\/\/loncamedya.com\/index.php\/wp-json\/wp\/v2\/types\/page"}],"author":[{"embeddable":true,"href":"https:\/\/loncamedya.com\/index.php\/wp-json\/wp\/v2\/users\/1"}],"replies":[{"embeddable":true,"href":"https:\/\/loncamedya.com\/index.php\/wp-json\/wp\/v2\/comments?post=221"}],"version-history":[{"count":3,"href":"https:\/\/loncamedya.com\/index.php\/wp-json\/wp\/v2\/pages\/221\/revisions"}],"predecessor-version":[{"id":1645,"href":"https:\/\/loncamedya.com\/index.php\/wp-json\/wp\/v2\/pages\/221\/revisions\/1645"}],"wp:attachment":[{"href":"https:\/\/loncamedya.com\/index.php\/wp-json\/wp\/v2\/media?parent=221"}],"curies":[{"name":"wp","href":"https:\/\/api.w.org\/{rel}","templated":true}]}}