{"id":1557,"date":"2025-03-04T22:51:47","date_gmt":"2025-03-04T19:51:47","guid":{"rendered":"https:\/\/loncamedya.com\/?page_id=1557"},"modified":"2026-03-22T19:42:39","modified_gmt":"2026-03-22T16:42:39","slug":"hakkimizda","status":"publish","type":"page","link":"https:\/\/loncamedya.com\/index.php\/hakkimizda\/","title":{"rendered":"Hakk\u0131m\u0131zda"},"content":{"rendered":"\n<h3 class=\"wp-block-heading\"><strong>Lonca Medya: Ge\u00e7mi\u015fin K\u00fclt\u00fcr\u00fc, Gelece\u011fin Teknolojisi<\/strong><\/h3>\n\n\n\n<p>2010 y\u0131l\u0131ndan itibaren <strong>&#8220;Ge\u00e7mi\u015ften G\u00fcn\u00fcm\u00fcze&#8221;<\/strong> slogan\u0131yla dijital medya sekt\u00f6r\u00fcnde \u00f6nc\u00fc bir konumda yer alan <strong>Lonca Medya<\/strong>, k\u00f6kl\u00fc Lonca k\u00fclt\u00fcr\u00fcn\u00fc benimseyerek sekt\u00f6rdeki t\u00fcm yenilikleri faaliyet alanlar\u0131na entegre eden ve topluma ula\u015ft\u0131ran g\u00fc\u00e7l\u00fc bir medya kurulu\u015fudur. <strong>Beylikd\u00fcz\u00fc merkezli<\/strong> olan firmam\u0131z, \u0130stanbul genelinde bir\u00e7ok \u00f6nemli etkinlik ve programda aktif rol alarak sekt\u00f6rde fark yaratmaktad\u0131r.<\/p>\n\n\n\n<p>Lonca Medya, <strong>T\u00fcrkiye\u2019nin ilk internet televizyonculu\u011funu ba\u015flatan firmalar\u0131ndan biri<\/strong> olarak dijital yay\u0131nc\u0131l\u0131\u011f\u0131n \u00f6nc\u00fclerindendir. Ajans hizmetleri, organizasyon, matbaa, promosyon, sosyal medya ve bas\u0131n dan\u0131\u015fmanl\u0131\u011f\u0131, prod\u00fcksiyon, a\u00e7\u0131k hava reklamc\u0131l\u0131\u011f\u0131 ve <strong>web TV yay\u0131nc\u0131l\u0131\u011f\u0131<\/strong> gibi geni\u015f bir yelpazede hizmet sunmaktad\u0131r. Ayr\u0131ca, i\u015f d\u00fcnyas\u0131na y\u00f6nelik prestijli yay\u0131nlar\u0131m\u0131zdan <strong>Lonca Hayat Dergisi<\/strong>, kapa\u011f\u0131na ta\u015f\u0131d\u0131\u011f\u0131 \u00f6nemli i\u015f insanlar\u0131yla sekt\u00f6rde kendinden s\u00f6z ettirmektedir.<\/p>\n\n\n\n<p>Kuruldu\u011fumuz g\u00fcnden bu yana <strong>siyaset, sanat, i\u015f d\u00fcnyas\u0131 ve sivil toplum kurulu\u015flar\u0131<\/strong> ba\u015fta olmak \u00fczere <strong>on binlerce g\u00f6r\u00fcnt\u00fcl\u00fc r\u00f6portaj ger\u00e7ekle\u015ftiren<\/strong> Lonca Medya, modern teknolojiyi ve dijital d\u00f6n\u00fc\u015f\u00fcm\u00fc yak\u0131ndan takip ederek her ge\u00e7en g\u00fcn kendini yenilemektedir. <strong>Uluslararas\u0131 ve Avrupa Kalite Zirveleri<\/strong> gibi prestijli organizasyonlardan ald\u0131\u011f\u0131 \u00f6d\u00fcllerle ba\u015far\u0131s\u0131n\u0131 ta\u00e7land\u0131ran firmam\u0131z, medya d\u00fcnyas\u0131nda g\u00fcvenilir ve etkili bir marka olmay\u0131 s\u00fcrd\u00fcrmektedir.<\/p>\n\n\n\n<p>Ayr\u0131ca, <strong>blockchain teknolojileriyle 360 derece ajans hizmeti sunan<\/strong> Lonca Medya, <strong>NFT projeleri ve kripto para projeleri<\/strong> alan\u0131nda da \u00e7al\u0131\u015fmalar yaparak sekt\u00f6rdeki dijital d\u00f6n\u00fc\u015f\u00fcm\u00fcn \u00f6nc\u00fclerinden biri olmu\u015ftur. <strong>Yenilik\u00e7i ve vizyoner yakla\u015f\u0131m\u0131m\u0131zla<\/strong>, medya ve finans d\u00fcnyas\u0131n\u0131n gelece\u011fini \u015fekillendiren projelere imza atmaya devam ediyoruz.<\/p>\n\n\n\n<p>Lonca k\u00fclt\u00fcr\u00fcn\u00fcn temelinde yatan dayan\u0131\u015fma, ustal\u0131k ve yenilik\u00e7ilik anlay\u0131\u015f\u0131n\u0131 g\u00fcn\u00fcm\u00fcz teknolojisiyle harmanlayarak, <strong>ge\u00e7mi\u015fin k\u00f6kl\u00fc miras\u0131n\u0131 gelece\u011fin medya d\u00fcnyas\u0131na ta\u015f\u0131maya devam ediyoruz<\/strong>. \u0130stanbul\u2019un d\u00f6rt bir yan\u0131nda imzam\u0131z\u0131 ta\u015f\u0131yan projelerimizle, medya sekt\u00f6r\u00fcn\u00fcn <strong>\u201cEN\u201d<\/strong> iyileri aras\u0131nda yer alman\u0131n gururunu ya\u015f\u0131yoruz.<\/p>\n\n\n\n<h3 class=\"wp-block-heading\"><strong>Lonca Medya\u2019ya Ait \u0130nternet Domainleri<\/strong><\/h3>\n\n\n\n<ul class=\"wp-block-list\">\n<li><strong>belediyeler.com.tr<\/strong><\/li>\n\n\n\n<li><strong>beylikduzu.com.tr<\/strong><\/li>\n\n\n\n<li><strong>matbaacilar.com.tr<\/strong><\/li>\n\n\n\n<li><strong>susehri.com.tr<\/strong><\/li>\n\n\n\n<li><strong>kriptoparatv.com<\/strong><\/li>\n\n\n\n<li><strong>kriptoparatv.com.tr<\/strong><\/li>\n\n\n\n<li><strong>tekstil.tv<\/strong><\/li>\n\n\n\n<li><strong>gayrimenkul.tv<\/strong><\/li>\n\n\n\n<li><strong>arsa.tv<\/strong><\/li>\n\n\n\n<li><strong>kuafor.tv<\/strong><\/li>\n\n\n\n<li><strong>beylikduzu.tv<\/strong><\/li>\n\n\n\n<li><strong>loncamedya.com<\/strong><\/li>\n\n\n\n<li><strong>58sivas.com<\/strong><\/li>\n\n\n\n<li><strong>mobilkartvizit.com<\/strong><\/li>\n\n\n\n<li><strong>internethaberi.com<\/strong><\/li>\n\n\n\n<li><strong>basinpress.org<\/strong><\/li>\n\n\n\n<li><strong>beylikduzutabela.com<\/strong><\/li>\n\n\n\n<li><strong>beylikduzureklam.com<\/strong><\/li>\n\n\n\n<li><strong>spotcularcarsisi.com<\/strong><\/li>\n\n\n\n<li><strong>spotcularcarsisi.com.tr<\/strong><\/li>\n\n\n\n<li><strong>sigortapoliceniz.com<\/strong><\/li>\n<\/ul>\n\n\n\n<p><\/p>\n","protected":false},"excerpt":{"rendered":"<p>Lonca Medya: Ge\u00e7mi\u015fin K\u00fclt\u00fcr\u00fc, Gelece\u011fin Teknolojisi 2010 y\u0131l\u0131ndan itibaren &#8220;Ge\u00e7mi\u015ften G\u00fcn\u00fcm\u00fcze&#8221; slogan\u0131yla dijital medya sekt\u00f6r\u00fcnde \u00f6nc\u00fc&#46;&#46;&#46;<\/p>\n","protected":false},"author":1,"featured_media":1560,"parent":0,"menu_order":0,"comment_status":"closed","ping_status":"closed","template":"","meta":{"footnotes":""},"class_list":["post-1557","page","type-page","status-publish","has-post-thumbnail","hentry"],"_links":{"self":[{"href":"https:\/\/loncamedya.com\/index.php\/wp-json\/wp\/v2\/pages\/1557","targetHints":{"allow":["GET"]}}],"collection":[{"href":"https:\/\/loncamedya.com\/index.php\/wp-json\/wp\/v2\/pages"}],"about":[{"href":"https:\/\/loncamedya.com\/index.php\/wp-json\/wp\/v2\/types\/page"}],"author":[{"embeddable":true,"href":"https:\/\/loncamedya.com\/index.php\/wp-json\/wp\/v2\/users\/1"}],"replies":[{"embeddable":true,"href":"https:\/\/loncamedya.com\/index.php\/wp-json\/wp\/v2\/comments?post=1557"}],"version-history":[{"count":7,"href":"https:\/\/loncamedya.com\/index.php\/wp-json\/wp\/v2\/pages\/1557\/revisions"}],"predecessor-version":[{"id":1660,"href":"https:\/\/loncamedya.com\/index.php\/wp-json\/wp\/v2\/pages\/1557\/revisions\/1660"}],"wp:featuredmedia":[{"embeddable":true,"href":"https:\/\/loncamedya.com\/index.php\/wp-json\/wp\/v2\/media\/1560"}],"wp:attachment":[{"href":"https:\/\/loncamedya.com\/index.php\/wp-json\/wp\/v2\/media?parent=1557"}],"curies":[{"name":"wp","href":"https:\/\/api.w.org\/{rel}","templated":true}]}}